{"id":403,"date":"2019-07-01T23:48:09","date_gmt":"2019-07-01T21:48:09","guid":{"rendered":"http:\/\/chateau-de-beaumont.com\/?page_id=403"},"modified":"2022-01-31T21:34:28","modified_gmt":"2022-01-31T20:34:28","slug":"accueil","status":"publish","type":"page","link":"https:\/\/chateau-de-beaumont.com\/","title":{"rendered":"Accueil"},"content":{"rendered":"\t\t<div data-elementor-type=\"wp-post\" data-elementor-id=\"403\" class=\"elementor elementor-403\">\n\t\t\t\t\t\t<section class=\"elementor-section elementor-top-section elementor-element elementor-element-2d5f0f4 elementor-section-boxed elementor-section-height-default elementor-section-height-default\" data-id=\"2d5f0f4\" data-element_type=\"section\">\n\t\t\t\t\t\t<div class=\"elementor-container elementor-column-gap-default\">\n\t\t\t\t\t<div class=\"elementor-column elementor-col-100 elementor-top-column elementor-element elementor-element-9c2bcce\" data-id=\"9c2bcce\" data-element_type=\"column\">\n\t\t\t<div class=\"elementor-widget-wrap elementor-element-populated\">\n\t\t\t\t\t\t<div class=\"elementor-element elementor-element-316e0f0 elementor-widget elementor-widget-text-editor\" data-id=\"316e0f0\" data-element_type=\"widget\" data-widget_type=\"text-editor.default\">\n\t\t\t\t<div class=\"elementor-widget-container\">\n\t\t\t\t\t\t\t<p>Point de d\u00e9part id\u00e9al pour une visite des ch\u00e2teaux de la Loire, le ravissant ch\u00e2teau de Beaumont situ\u00e9 \u00e0 Cour-Cheverny vous accueille pour un s\u00e9jour familial ou une f\u00eate de famille \u00e0 moins de 2 heures de Paris.<\/p>\t\t\t\t\t\t<\/div>\n\t\t\t\t<\/div>\n\t\t\t\t\t<\/div>\n\t\t<\/div>\n\t\t\t\t\t<\/div>\n\t\t<\/section>\n\t\t\t\t<section class=\"elementor-section elementor-top-section elementor-element elementor-element-f17f21f elementor-section-height-min-height elementor-section-boxed elementor-section-height-default elementor-section-items-middle\" data-id=\"f17f21f\" data-element_type=\"section\">\n\t\t\t\t\t\t<div class=\"elementor-container elementor-column-gap-default\">\n\t\t\t\t\t<div class=\"elementor-column elementor-col-50 elementor-top-column elementor-element elementor-element-30151e9\" data-id=\"30151e9\" data-element_type=\"column\">\n\t\t\t<div class=\"elementor-widget-wrap elementor-element-populated\">\n\t\t\t\t\t\t<section class=\"elementor-section elementor-inner-section elementor-element elementor-element-4ed6f5e elementor-section-full_width elementor-section-height-min-height elementor-section-content-middle elementor-section-height-default\" data-id=\"4ed6f5e\" data-element_type=\"section\" data-settings=\"{&quot;background_background&quot;:&quot;classic&quot;}\">\n\t\t\t\t\t\t<div class=\"elementor-container elementor-column-gap-no\">\n\t\t\t\t\t<div class=\"elementor-column elementor-col-50 elementor-inner-column elementor-element elementor-element-10e4a34\" data-id=\"10e4a34\" data-element_type=\"column\">\n\t\t\t<div class=\"elementor-widget-wrap elementor-element-populated\">\n\t\t\t\t\t\t<div class=\"elementor-element elementor-element-79aee25 elementor-widget elementor-widget-image\" data-id=\"79aee25\" data-element_type=\"widget\" data-widget_type=\"image.default\">\n\t\t\t\t<div class=\"elementor-widget-container\">\n\t\t\t\t\t\t\t\t\t\t\t\t\t<img decoding=\"async\" width=\"86\" height=\"86\" src=\"https:\/\/chateau-de-beaumont.com\/wp-content\/uploads\/2019\/06\/loire_chateau_paris_blois_.png\" class=\"attachment-large size-large wp-image-328\" alt=\"\" srcset=\"https:\/\/chateau-de-beaumont.com\/wp-content\/uploads\/2019\/06\/loire_chateau_paris_blois_.png 86w, https:\/\/chateau-de-beaumont.com\/wp-content\/uploads\/2019\/06\/loire_chateau_paris_blois_-75x75.png 75w\" sizes=\"(max-width: 86px) 100vw, 86px\" \/>\t\t\t\t\t\t\t\t\t\t\t\t\t<\/div>\n\t\t\t\t<\/div>\n\t\t\t\t\t<\/div>\n\t\t<\/div>\n\t\t\t\t<div class=\"elementor-column elementor-col-50 elementor-inner-column elementor-element elementor-element-016363a\" data-id=\"016363a\" data-element_type=\"column\">\n\t\t\t<div class=\"elementor-widget-wrap elementor-element-populated\">\n\t\t\t\t\t\t<div class=\"elementor-element elementor-element-45e3cf0 elementor-widget elementor-widget-text-editor\" data-id=\"45e3cf0\" data-element_type=\"widget\" data-widget_type=\"text-editor.default\">\n\t\t\t\t<div class=\"elementor-widget-container\">\n\t\t\t\t\t\t\t<p>\u00a0Louez le ch\u00e2teau enti\u00e8rement pour vous, \u00e0 la semaine,\u00a0 pour passer vos vacances en famille.<br \/><br \/>Capacit\u00e9 d\u2019h\u00e9bergement de 26 personnes avec le ch\u00e2teau et les g\u00eetes.\u00a0<\/p><p>Uniquement en juillet et en ao\u00fbt.<\/p>\t\t\t\t\t\t<\/div>\n\t\t\t\t<\/div>\n\t\t\t\t\t<\/div>\n\t\t<\/div>\n\t\t\t\t\t<\/div>\n\t\t<\/section>\n\t\t\t\t\t<\/div>\n\t\t<\/div>\n\t\t\t\t<div class=\"elementor-column elementor-col-50 elementor-top-column elementor-element elementor-element-f9428a5\" data-id=\"f9428a5\" data-element_type=\"column\">\n\t\t\t<div class=\"elementor-widget-wrap elementor-element-populated\">\n\t\t\t\t\t\t<section class=\"elementor-section elementor-inner-section elementor-element elementor-element-5f1a803 elementor-section-full_width elementor-section-height-min-height elementor-section-content-middle elementor-section-height-default\" data-id=\"5f1a803\" data-element_type=\"section\" data-settings=\"{&quot;background_background&quot;:&quot;classic&quot;}\">\n\t\t\t\t\t\t<div class=\"elementor-container elementor-column-gap-no\">\n\t\t\t\t\t<div class=\"elementor-column elementor-col-50 elementor-inner-column elementor-element elementor-element-f1d5ebb\" data-id=\"f1d5ebb\" data-element_type=\"column\">\n\t\t\t<div class=\"elementor-widget-wrap elementor-element-populated\">\n\t\t\t\t\t\t<div class=\"elementor-element elementor-element-c70f1b3 elementor-widget elementor-widget-image\" data-id=\"c70f1b3\" data-element_type=\"widget\" data-widget_type=\"image.default\">\n\t\t\t\t<div class=\"elementor-widget-container\">\n\t\t\t\t\t\t\t\t\t\t\t\t\t<img decoding=\"async\" width=\"86\" height=\"86\" src=\"https:\/\/chateau-de-beaumont.com\/wp-content\/uploads\/2019\/04\/picto-vcf-3.png\" class=\"attachment-large size-large wp-image-277\" alt=\"\" srcset=\"https:\/\/chateau-de-beaumont.com\/wp-content\/uploads\/2019\/04\/picto-vcf-3.png 86w, https:\/\/chateau-de-beaumont.com\/wp-content\/uploads\/2019\/04\/picto-vcf-3-75x75.png 75w\" sizes=\"(max-width: 86px) 100vw, 86px\" \/>\t\t\t\t\t\t\t\t\t\t\t\t\t<\/div>\n\t\t\t\t<\/div>\n\t\t\t\t\t<\/div>\n\t\t<\/div>\n\t\t\t\t<div class=\"elementor-column elementor-col-50 elementor-inner-column elementor-element elementor-element-a60bbc1\" data-id=\"a60bbc1\" data-element_type=\"column\">\n\t\t\t<div class=\"elementor-widget-wrap elementor-element-populated\">\n\t\t\t\t\t\t<div class=\"elementor-element elementor-element-530ec6a elementor-widget elementor-widget-text-editor\" data-id=\"530ec6a\" data-element_type=\"widget\" data-widget_type=\"text-editor.default\">\n\t\t\t\t<div class=\"elementor-widget-container\">\n\t\t\t\t\t\t\t<p>Organisez un \u00e9v\u00e8nement (mariage, r\u00e9unions de famille..,) jusqu&rsquo; \u00e0 80 personnes assises dans l\u2019orangerie et\u00a0 150 personnes\u00a0 sous barnum \u00e0 l\u2019ext\u00e9rieur.<br \/>H\u00e9bergement de 10 personnes dans les g\u00eetes.<br \/>Uniquement au printemps (avril, mai, juin) ou \u00e0 l\u2019automne (septembre, octobre).<\/p>\t\t\t\t\t\t<\/div>\n\t\t\t\t<\/div>\n\t\t\t\t\t<\/div>\n\t\t<\/div>\n\t\t\t\t\t<\/div>\n\t\t<\/section>\n\t\t\t\t\t<\/div>\n\t\t<\/div>\n\t\t\t\t\t<\/div>\n\t\t<\/section>\n\t\t\t\t<section class=\"elementor-section elementor-top-section elementor-element elementor-element-72e17bb elementor-section-boxed elementor-section-height-default elementor-section-height-default\" data-id=\"72e17bb\" data-element_type=\"section\">\n\t\t\t\t\t\t<div class=\"elementor-container elementor-column-gap-default\">\n\t\t\t\t\t<div class=\"elementor-column elementor-col-100 elementor-top-column elementor-element elementor-element-1785f65\" data-id=\"1785f65\" data-element_type=\"column\">\n\t\t\t<div class=\"elementor-widget-wrap elementor-element-populated\">\n\t\t\t\t\t\t<div class=\"elementor-element elementor-element-6542b30 elementor-widget elementor-widget-heading\" data-id=\"6542b30\" data-element_type=\"widget\" data-widget_type=\"heading.default\">\n\t\t\t\t<div class=\"elementor-widget-container\">\n\t\t\t<h2 class=\"elementor-heading-title elementor-size-default\">Histoire<\/h2>\t\t<\/div>\n\t\t\t\t<\/div>\n\t\t\t\t\t<\/div>\n\t\t<\/div>\n\t\t\t\t\t<\/div>\n\t\t<\/section>\n\t\t\t\t<section class=\"elementor-section elementor-top-section elementor-element elementor-element-3e2b539 elementor-section-boxed elementor-section-height-default elementor-section-height-default\" data-id=\"3e2b539\" data-element_type=\"section\">\n\t\t\t\t\t\t<div class=\"elementor-container elementor-column-gap-default\">\n\t\t\t\t\t<div class=\"elementor-column elementor-col-100 elementor-top-column elementor-element elementor-element-13672c9\" data-id=\"13672c9\" data-element_type=\"column\">\n\t\t\t<div class=\"elementor-widget-wrap elementor-element-populated\">\n\t\t\t\t\t\t<div class=\"elementor-element elementor-element-412c99a elementor-widget elementor-widget-text-editor\" data-id=\"412c99a\" data-element_type=\"widget\" data-widget_type=\"text-editor.default\">\n\t\t\t\t<div class=\"elementor-widget-container\">\n\t\t\t\t\t\t\t<p>L\u2019existence de ce domaine est attest\u00e9e par un acte dat\u00e9 de 1613, lors de son acquisition par Nicolas Gu\u00e9rin de Beaumont, conseiller du Roi. Il comprenait les moulins de Beaumont, de Gonvalin, les m\u00e9tairies de la Planche, et La Closerie de Bellevue. La famille Gu\u00e9rin de Beaumont conserva la propri\u00e9t\u00e9 pr\u00e8s de deux si\u00e8cles, avant d\u2019\u00e9migrer \u00e0 la R\u00e9volution. Rachet\u00e9 au d\u00e9but du XIX\u00e8me si\u00e8cle, le ch\u00e2teau fut enti\u00e8rement restaur\u00e9, ne conservant du XVII\u00e8me si\u00e8cle qu\u2019une partie de l\u2019aile Est. L\u2019ensemble pr\u00e9sente une architecture d\u2019une \u00e9l\u00e9gante unit\u00e9 classique.<\/p>\t\t\t\t\t\t<\/div>\n\t\t\t\t<\/div>\n\t\t\t\t\t<\/div>\n\t\t<\/div>\n\t\t\t\t\t<\/div>\n\t\t<\/section>\n\t\t\t\t<\/div>\n\t\t","protected":false},"excerpt":{"rendered":"<p>Point de d\u00e9part id\u00e9al pour une visite des ch\u00e2teaux de la Loire, le ravissant ch\u00e2teau de Beaumont situ\u00e9 \u00e0 Cour-Cheverny vous accueille pour un s\u00e9jour familial ou une f\u00eate de famille \u00e0 moins de 2 heures de Paris. \u00a0Louez le ch\u00e2teau enti\u00e8rement pour vous, \u00e0 la semaine,\u00a0 pour passer vos vacances en famille. Capacit\u00e9 d\u2019h\u00e9bergement [&hellip;]<\/p>\n","protected":false},"author":1,"featured_media":0,"parent":0,"menu_order":0,"comment_status":"closed","ping_status":"closed","template":"page-templates\/page_fullwidth.php","meta":{"ngg_post_thumbnail":0},"yoast_head":"<!-- This site is optimized with the Yoast SEO plugin v21.1 - https:\/\/yoast.com\/wordpress\/plugins\/seo\/ -->\n<title>Accueil - Ch\u00e2teau de Beaumont<\/title>\n<meta name=\"robots\" content=\"index, follow, max-snippet:-1, max-image-preview:large, max-video-preview:-1\" \/>\n<link rel=\"canonical\" href=\"https:\/\/chateau-de-beaumont.com\/\" \/>\n<meta property=\"og:locale\" content=\"fr_FR\" \/>\n<meta property=\"og:type\" content=\"article\" \/>\n<meta property=\"og:title\" content=\"Accueil - Ch\u00e2teau de Beaumont\" \/>\n<meta property=\"og:description\" content=\"Point de d\u00e9part id\u00e9al pour une visite des ch\u00e2teaux de la Loire, le ravissant ch\u00e2teau de Beaumont situ\u00e9 \u00e0 Cour-Cheverny vous accueille pour un s\u00e9jour familial ou une f\u00eate de famille \u00e0 moins de 2 heures de Paris. \u00a0Louez le ch\u00e2teau enti\u00e8rement pour vous, \u00e0 la semaine,\u00a0 pour passer vos vacances en famille. Capacit\u00e9 d\u2019h\u00e9bergement [&hellip;]\" \/>\n<meta property=\"og:url\" content=\"https:\/\/chateau-de-beaumont.com\/\" \/>\n<meta property=\"og:site_name\" content=\"Ch\u00e2teau de Beaumont\" \/>\n<meta property=\"article:modified_time\" content=\"2022-01-31T20:34:28+00:00\" \/>\n<meta property=\"og:image\" content=\"https:\/\/chateau-de-beaumont.com\/wp-content\/uploads\/2019\/06\/loire_chateau_paris_blois_.png\" \/>\n<meta name=\"twitter:card\" content=\"summary_large_image\" \/>\n<meta name=\"twitter:label1\" content=\"Dur\u00e9e de lecture estim\u00e9e\" \/>\n\t<meta name=\"twitter:data1\" content=\"2 minutes\" \/>\n<script type=\"application\/ld+json\" class=\"yoast-schema-graph\">{\"@context\":\"https:\/\/schema.org\",\"@graph\":[{\"@type\":\"WebPage\",\"@id\":\"https:\/\/chateau-de-beaumont.com\/\",\"url\":\"https:\/\/chateau-de-beaumont.com\/\",\"name\":\"Accueil - Ch\u00e2teau de Beaumont\",\"isPartOf\":{\"@id\":\"https:\/\/chateau-de-beaumont.com\/#website\"},\"datePublished\":\"2019-07-01T21:48:09+00:00\",\"dateModified\":\"2022-01-31T20:34:28+00:00\",\"breadcrumb\":{\"@id\":\"https:\/\/chateau-de-beaumont.com\/#breadcrumb\"},\"inLanguage\":\"fr-FR\",\"potentialAction\":[{\"@type\":\"ReadAction\",\"target\":[\"https:\/\/chateau-de-beaumont.com\/\"]}]},{\"@type\":\"BreadcrumbList\",\"@id\":\"https:\/\/chateau-de-beaumont.com\/#breadcrumb\",\"itemListElement\":[{\"@type\":\"ListItem\",\"position\":1,\"name\":\"Accueil\",\"item\":\"https:\/\/chateau-de-beaumont.com\/\"},{\"@type\":\"ListItem\",\"position\":2,\"name\":\"Accueil\"}]},{\"@type\":\"WebSite\",\"@id\":\"https:\/\/chateau-de-beaumont.com\/#website\",\"url\":\"https:\/\/chateau-de-beaumont.com\/\",\"name\":\"Ch\u00e2teau de Beaumont\",\"description\":\"\",\"potentialAction\":[{\"@type\":\"SearchAction\",\"target\":{\"@type\":\"EntryPoint\",\"urlTemplate\":\"https:\/\/chateau-de-beaumont.com\/?s={search_term_string}\"},\"query-input\":\"required name=search_term_string\"}],\"inLanguage\":\"fr-FR\"}]}<\/script>\n<!-- \/ Yoast SEO plugin. -->","yoast_head_json":{"title":"Accueil - Ch\u00e2teau de Beaumont","robots":{"index":"index","follow":"follow","max-snippet":"max-snippet:-1","max-image-preview":"max-image-preview:large","max-video-preview":"max-video-preview:-1"},"canonical":"https:\/\/chateau-de-beaumont.com\/","og_locale":"fr_FR","og_type":"article","og_title":"Accueil - Ch\u00e2teau de Beaumont","og_description":"Point de d\u00e9part id\u00e9al pour une visite des ch\u00e2teaux de la Loire, le ravissant ch\u00e2teau de Beaumont situ\u00e9 \u00e0 Cour-Cheverny vous accueille pour un s\u00e9jour familial ou une f\u00eate de famille \u00e0 moins de 2 heures de Paris. \u00a0Louez le ch\u00e2teau enti\u00e8rement pour vous, \u00e0 la semaine,\u00a0 pour passer vos vacances en famille. Capacit\u00e9 d\u2019h\u00e9bergement [&hellip;]","og_url":"https:\/\/chateau-de-beaumont.com\/","og_site_name":"Ch\u00e2teau de Beaumont","article_modified_time":"2022-01-31T20:34:28+00:00","og_image":[{"url":"https:\/\/chateau-de-beaumont.com\/wp-content\/uploads\/2019\/06\/loire_chateau_paris_blois_.png"}],"twitter_card":"summary_large_image","twitter_misc":{"Dur\u00e9e de lecture estim\u00e9e":"2 minutes"},"schema":{"@context":"https:\/\/schema.org","@graph":[{"@type":"WebPage","@id":"https:\/\/chateau-de-beaumont.com\/","url":"https:\/\/chateau-de-beaumont.com\/","name":"Accueil - Ch\u00e2teau de Beaumont","isPartOf":{"@id":"https:\/\/chateau-de-beaumont.com\/#website"},"datePublished":"2019-07-01T21:48:09+00:00","dateModified":"2022-01-31T20:34:28+00:00","breadcrumb":{"@id":"https:\/\/chateau-de-beaumont.com\/#breadcrumb"},"inLanguage":"fr-FR","potentialAction":[{"@type":"ReadAction","target":["https:\/\/chateau-de-beaumont.com\/"]}]},{"@type":"BreadcrumbList","@id":"https:\/\/chateau-de-beaumont.com\/#breadcrumb","itemListElement":[{"@type":"ListItem","position":1,"name":"Accueil","item":"https:\/\/chateau-de-beaumont.com\/"},{"@type":"ListItem","position":2,"name":"Accueil"}]},{"@type":"WebSite","@id":"https:\/\/chateau-de-beaumont.com\/#website","url":"https:\/\/chateau-de-beaumont.com\/","name":"Ch\u00e2teau de Beaumont","description":"","potentialAction":[{"@type":"SearchAction","target":{"@type":"EntryPoint","urlTemplate":"https:\/\/chateau-de-beaumont.com\/?s={search_term_string}"},"query-input":"required name=search_term_string"}],"inLanguage":"fr-FR"}]}},"_links":{"self":[{"href":"https:\/\/chateau-de-beaumont.com\/index.php\/wp-json\/wp\/v2\/pages\/403"}],"collection":[{"href":"https:\/\/chateau-de-beaumont.com\/index.php\/wp-json\/wp\/v2\/pages"}],"about":[{"href":"https:\/\/chateau-de-beaumont.com\/index.php\/wp-json\/wp\/v2\/types\/page"}],"author":[{"embeddable":true,"href":"https:\/\/chateau-de-beaumont.com\/index.php\/wp-json\/wp\/v2\/users\/1"}],"replies":[{"embeddable":true,"href":"https:\/\/chateau-de-beaumont.com\/index.php\/wp-json\/wp\/v2\/comments?post=403"}],"version-history":[{"count":34,"href":"https:\/\/chateau-de-beaumont.com\/index.php\/wp-json\/wp\/v2\/pages\/403\/revisions"}],"predecessor-version":[{"id":848,"href":"https:\/\/chateau-de-beaumont.com\/index.php\/wp-json\/wp\/v2\/pages\/403\/revisions\/848"}],"wp:attachment":[{"href":"https:\/\/chateau-de-beaumont.com\/index.php\/wp-json\/wp\/v2\/media?parent=403"}],"curies":[{"name":"wp","href":"https:\/\/api.w.org\/{rel}","templated":true}]}}