{"id":118,"date":"2019-04-17T00:21:29","date_gmt":"2019-04-16T22:21:29","guid":{"rendered":"http:\/\/chateau-de-beaumont.com\/?page_id=118"},"modified":"2023-02-23T11:26:36","modified_gmt":"2023-02-23T10:26:36","slug":"livre-dor","status":"publish","type":"page","link":"https:\/\/chateau-de-beaumont.com\/index.php\/livre-dor\/","title":{"rendered":"Livre d&rsquo;or"},"content":{"rendered":"<div class=\"strong-view strong-view-id-1 default wpmtst-default\" data-count=\"12\"><div class=\"strong-content strong-normal columns-1\"><div class=\"wpmtst-testimonial testimonial post-484\"><div class=\"wpmtst-testimonial-inner testimonial-inner\"><h3 class=\"wpmtst-testimonial-heading testimonial-heading\">Wonderful stay at the chateau&#8230;<\/h3><div    class=\"wpmtst-testimonial-content testimonial-content\"><div class=\"maybe-clear\"><\/div><p>Our group of family and friends had a most wonderful stay at the Chateau de Beaumont. The chateau and the surrounding grounds were a perfect setting for a very relaxing and enjoyable visit to the Loire Valley. The location of the chateau also provided easy access for visits to three of the most beautiful chateaus in the Loire Valley, Chateau de Cheverny, Chateau de Chenonceau, and Chateau de Chambord.<\/p><\/div><div class=\"wpmtst-testimonial-field testimonial-field testimonial-name\">Jon (USA)<\/div><div class=\"clear\"><\/div><\/div><\/div><div class=\"wpmtst-testimonial testimonial post-248\"><div class=\"wpmtst-testimonial-inner testimonial-inner\"><h3 class=\"wpmtst-testimonial-heading testimonial-heading\">Le 12 aout, d\u00e9paysant, apaisant, familial et chaleureux&#8230;<\/h3><div    class=\"wpmtst-testimonial-content testimonial-content\"><div class=\"maybe-clear\"><\/div><p>Cadre romantique pour un mariage international. D\u00e9paysant, apaisant, familial et chaleureux. Confort des chambres et des salons. Cuisine familiale adapt\u00e9e pour produire des repas pour des groupes de 20 \u00e0 25 personnes. Orangerie \u00e0 l\u2019\u00e9cart du Ch\u00e2teau mais tr\u00e8s proche permettant l\u2019accueil tr\u00e8s adapt\u00e9 des 60 convives pr\u00e9sents. Piscine appr\u00e9ci\u00e9e par tous les participants voulant se d\u00e9lasser. Parc prot\u00e9g\u00e9 tr\u00e8s appr\u00e9ci\u00e9 des couples et des familles pour s\u2019isoler, se d\u00e9tendre, se promener en toute s\u00e9r\u00e9nit\u00e9. Le choix du lieu a fait l\u2019unanimit\u00e9 des convives.+<\/p><p>&nbsp;<\/p><\/div><div class=\"wpmtst-testimonial-field testimonial-field testimonial-name\">Sylvie<\/div><div class=\"clear\"><\/div><\/div><\/div><div class=\"wpmtst-testimonial testimonial post-486\"><div class=\"wpmtst-testimonial-inner testimonial-inner\"><h3 class=\"wpmtst-testimonial-heading testimonial-heading\">Merveilleux s\u00e9jour \u00e0 Beaumont&#8230;<\/h3><div    class=\"wpmtst-testimonial-content testimonial-content\"><div class=\"maybe-clear\"><\/div><p>Notre s\u00e9jour \u00e0 Beaumont a \u00e9t\u00e9 merveilleux, ce lieu est magnifique et tr\u00e8s bien entretenu. Son parc nous a permis de r\u00e9aliser nos photos de couple dans un cadre grandiose. Le propri\u00e9taire nous a laiss\u00e9 une totale autonomie pour organiser notre mariage dans sa maison, n&rsquo;h\u00e9sitez pas c&rsquo;est \u00e0 Beaumont que vous passerez le plus beau jour de votre vie.<\/p><\/div><div class=\"wpmtst-testimonial-field testimonial-field testimonial-name\">Les mari\u00e9s<\/div><div class=\"clear\"><\/div><\/div><\/div><div class=\"wpmtst-testimonial testimonial post-487\"><div class=\"wpmtst-testimonial-inner testimonial-inner\"><h3 class=\"wpmtst-testimonial-heading testimonial-heading\">Un grand merci pour tout<\/h3><div    class=\"wpmtst-testimonial-content testimonial-content\"><div class=\"maybe-clear\"><\/div><p>Nous avons eu le privil\u00e8ge de pouvoir nous marier au ch\u00e2teau de Beaumont. Le domaine est magnifique, avec sa for\u00eat bien entretenue, son cours d&rsquo;eau, ses superbes jardins et sa piscine ! Nous avons r\u00e9serv\u00e9 le ch\u00e2teau pour un s\u00e9jour d&rsquo;une semaine, ce qui a permis \u00e0 nos convives de profiter des lieux et de la demeure plusieurs jours, avant les festivit\u00e9s du weekend. Le ch\u00e2teau est tr\u00e8s spacieux, et ses nombreuses chambres nous ont permis d&rsquo;accueillir de nombreux amis, du couple jusqu&rsquo;\u00e0 la famille de 4 enfants. Chaque chambre est unique \u00e0 sa fa\u00e7on, avec sa propre d\u00e9coration, son ambiance&#8230; et de tr\u00e8s belles vues pour certaines! Le ch\u00e2teau dispose \u00e9galement d&rsquo;une Orangerie permettant de belles r\u00e9ceptions, et pouvant \u00eatre facilement d\u00e9cor\u00e9e. Notre s\u00e9jour puis notre mariage furent une v\u00e9ritable r\u00e9ussite, en grande partie en raison du lieu, mais aussi de l&rsquo;accueil et de la bienveillance de son propri\u00e9taire, qui s&rsquo;est rendu tr\u00e8s souvent disponible, et qui a su r\u00e9pondre \u00e0 nos nombreuses questions. Un grand merci encore pour tout.<\/p><\/div><div class=\"wpmtst-testimonial-field testimonial-field testimonial-name\">Les mari\u00e9s<\/div><div class=\"clear\"><\/div><\/div><\/div><div class=\"wpmtst-testimonial testimonial post-488\"><div class=\"wpmtst-testimonial-inner testimonial-inner\"><h3 class=\"wpmtst-testimonial-heading testimonial-heading\">Excellent week end dans cette belle demeure<\/h3><div    class=\"wpmtst-testimonial-content testimonial-content\"><div class=\"maybe-clear\"><\/div><p>Nous avons pass\u00e9 un excellent weekend dans cette belle demeure du Loir et Cher qui nous a fait r\u00e9unir tous nos amis musiciens amateurs, passionn\u00e9s de musique de chambre. Coup de coeur d\u00e8s la premi\u00e8re visite avec le ch\u00e2teau et avec ses propri\u00e9taires. C\u2019\u00e9tait tr\u00e8s chaleureux, rien ne manquait. Nous remercions les propri\u00e9taires de nous avoir permis de transformer le salon en une belle salle de musique autour d\u2019un piano o\u00f9 a r\u00e9sonn\u00e9 la musique pendant tout le weekend, et dans laquelle nous avons partag\u00e9 de tr\u00e8s bons moments musicaux. Tout le monde est reparti enchant\u00e9 et esp\u00e8re bien revenir l\u2019ann\u00e9e prochaine!<\/p><\/div><div class=\"wpmtst-testimonial-field testimonial-field testimonial-name\">Annick<\/div><div class=\"clear\"><\/div><\/div><\/div><div class=\"wpmtst-testimonial testimonial post-489\"><div class=\"wpmtst-testimonial-inner testimonial-inner\"><h3 class=\"wpmtst-testimonial-heading testimonial-heading\">Je recommande ce ch\u00e2teau et son h\u00f4te<\/h3><div    class=\"wpmtst-testimonial-content testimonial-content\"><div class=\"maybe-clear\"><\/div><p>Le ch\u00e2teau est parfait : accessibilit\u00e9, confort et accueil ! un vrai ch\u00e2teau de famille. Nous y avons pass\u00e9 un s\u00e9jour tr\u00e8s agr\u00e9able \u00e0 l\u2019occasion d\u2019un anniversaire de famille. Tout est \u00e0 disposition : vaisselle, linge de maison, linge de lit. La disposition des chambres \u00e9tait parfaite pour nous qui \u00e9tions un groupe de 18 personnes. Cuisine super. Tr\u00e8s beau parc. Parfaite accessibilit\u00e9 pour personnes \u00e2g\u00e9es. Je recommande ce ch\u00e2teau et son h\u00f4te.<\/p><\/div><div class=\"wpmtst-testimonial-field testimonial-field testimonial-name\">Sorana<\/div><div class=\"clear\"><\/div><\/div><\/div><div class=\"wpmtst-testimonial testimonial post-490\"><div class=\"wpmtst-testimonial-inner testimonial-inner\"><h3 class=\"wpmtst-testimonial-heading testimonial-heading\">Un confort de qualit\u00e9<\/h3><div    class=\"wpmtst-testimonial-content testimonial-content\"><div class=\"maybe-clear\"><\/div><p>Nous nous f\u00e9licitons d\u2019avoir choisi le ch\u00e2teau de Beaumont pour regrouper nos enfants et petits-enfants pour une dizaine de jours de vacances: chacun a trouv\u00e9 un p\u00f4le d\u2019int\u00e9r\u00eat \u00e0 l\u2019int\u00e9rieur du domaine et dans les environs (ch\u00e2teaux de la Loire). Le confort y est de qualit\u00e9 (salles de r\u00e9ception, chambres et salles de bain).<\/p><\/div><div class=\"wpmtst-testimonial-field testimonial-field testimonial-name\">Marc et Julie<\/div><div class=\"clear\"><\/div><\/div><\/div><div class=\"wpmtst-testimonial testimonial post-491\"><div class=\"wpmtst-testimonial-inner testimonial-inner\"><h3 class=\"wpmtst-testimonial-heading testimonial-heading\">Loger nos proches dans un ch\u00e2teau.<\/h3><div    class=\"wpmtst-testimonial-content testimonial-content\"><div class=\"maybe-clear\"><\/div><p>Nous avons fait la r\u00e9ception de notre mariage dans l\u2019Orangerie et ce f\u00fbt fort r\u00e9ussi dans ce beau cadre qui s\u2019y pr\u00eate remarquablement bien. Nous avons pu loger nos proches dans le ch\u00e2teau Et ils ont beaucoup appr\u00e9ci\u00e9 le confort et le la beaut\u00e9 de de la d\u00e9coration. La belle piscine est un atout important dans la r\u00e9ussite du s\u00e9jour \u00e0 Beaumont.<\/p><\/div><div class=\"wpmtst-testimonial-field testimonial-field testimonial-name\">Fran\u00e7ois et Anabelle<\/div><div class=\"clear\"><\/div><\/div><\/div><div class=\"wpmtst-testimonial testimonial post-492\"><div class=\"wpmtst-testimonial-inner testimonial-inner\"><h3 class=\"wpmtst-testimonial-heading testimonial-heading\">L&rsquo;image de la belle france<\/h3><div    class=\"wpmtst-testimonial-content testimonial-content\"><div class=\"maybe-clear\"><\/div><p>Anglais et amoureux de la France, nous avons trouv\u00e9 \u00e0 Beaumont et dans ses environs, toute l\u2019image de la belle France : charme, confort, calme, histoire, gastronomie. Nous repartons en Angleterre ravis de ce s\u00e9jour, avec l\u2019envie de revenir.<\/p><\/div><div class=\"wpmtst-testimonial-field testimonial-field testimonial-name\">Chris et Pat<\/div><div class=\"clear\"><\/div><\/div><\/div><div class=\"wpmtst-testimonial testimonial post-493\"><div class=\"wpmtst-testimonial-inner testimonial-inner\"><h3 class=\"wpmtst-testimonial-heading testimonial-heading\">Magnifique ch\u00e2teau<\/h3><div    class=\"wpmtst-testimonial-content testimonial-content\"><div class=\"maybe-clear\"><\/div><p>Nous avons pu nous retrouver \u00e0 4 m\u00e9nages, avec nos enfants respectifs dans ce magnifique ch\u00e2teau de Beaumont. Nous avons beaucoup appr\u00e9ci\u00e9 le confort et les possibilit\u00e9s mises \u00e0 notre disposition (piscine, jeux, parc, zoo de Beauval, ch\u00e2teaux de Chambord, Cheverny\u2026). Nous recommandons le ch\u00e2teau de Beaumont \u00e0 notre entourage qui souhaite se regrouper pour des moments d\u2019amiti\u00e9 partag\u00e9e.<\/p><\/div><div class=\"wpmtst-testimonial-field testimonial-field testimonial-name\">Philippe et Oph\u00e9lie<\/div><div class=\"clear\"><\/div><\/div><\/div><div class=\"wpmtst-testimonial testimonial post-494\"><div class=\"wpmtst-testimonial-inner testimonial-inner\"><h3 class=\"wpmtst-testimonial-heading testimonial-heading\">Un endroit merveilleux<\/h3><div    class=\"wpmtst-testimonial-content testimonial-content\"><div class=\"maybe-clear\"><\/div><p>Tr\u00e8s bon s\u00e9jour familial \u00e0 Beaumont . Cet endroit est merveilleux pour se retrouver en famille : le parc, la piscine, les ch\u00e2teaux des environs offrent un \u00e9norme choix de distractions pour tous les \u00e2ges. Le ch\u00e2teau de Beaumont lui-m\u00eame est d\u2019un confort appr\u00e9ciable, \u00e0 taille humaine. Il permet de se retrouver nombreux, sans \u00eatre g\u00ean\u00e9s .<\/p><\/div><div class=\"wpmtst-testimonial-field testimonial-field testimonial-name\">Michel et Caroline<\/div><div class=\"clear\"><\/div><\/div><\/div><div class=\"wpmtst-testimonial testimonial post-941\"><div class=\"wpmtst-testimonial-inner testimonial-inner\"><h3 class=\"wpmtst-testimonial-heading testimonial-heading\">Nous avons pass\u00e9 un s\u00e9jour extraordinaire&#8230;<\/h3><div    class=\"wpmtst-testimonial-content testimonial-content\"><div class=\"maybe-clear\"><\/div><p style=\"font-weight: 400;\"><em>Nous avons pass\u00e9 un s\u00e9jour extraordinaire du 30 juillet au 6 ao\u00fbt 2022 au ch\u00e2teau de Beaumont, o\u00f9 nous nous sommes r\u00e9unis pour c\u00e9l\u00e9brer les 80 ans de mon p\u00e8re. Nous avons vraiment ador\u00e9 notre semaine.<\/em><\/p><p style=\"font-weight: 400;\"><em>J&rsquo;ai d\u00e9j\u00e0 r\u00e9serv\u00e9 plusieurs s\u00e9jours dans des ch\u00e2teaux et cette prestation \u00e9tait bien au dessus des autres. Le ch\u00e2teau est incroyable, tr\u00e8s spacieux bien s\u00fbr ; chacune des 9 chambres est tr\u00e8s grande et dispose de sa salle de bain.<\/em><\/p><p style=\"font-weight: 400;\"><em>Tout le confort moderne y est, dans un cadre incroyablement prestigieux o\u00f9 le charme de l&rsquo;ancien est compl\u00e8tement pr\u00e9serv\u00e9. La piscine est vraiment sympa et dispose d&rsquo;une belle vue, le parc est immense est magnifiquement vallonn\u00e9 avec une v\u00e9g\u00e9tation splendide, les petites poules et les ch\u00e8vres trop mignonnes.<\/em><\/p><p style=\"font-weight: 400;\"><em>Et nous avons surtout ador\u00e9 le contact avec les propri\u00e9taires, avec lesquels nous avons pu \u00e9norm\u00e9ment \u00e9changer et qui nous ont donn\u00e9 d&rsquo;excellents conseils.<\/em><\/p><p style=\"font-weight: 400;\"><em>L&#8217;emplacement du ch\u00e2teau est topissime, tr\u00e8s au calme dans un joli village, mais aussi tr\u00e8s proche des autres ch\u00e2teaux : Cheverny \u00e0 10mns, Bois et Chambord \u00e0 20mns&#8230;, centres commerciaux \u00e0 10mns, \u00e9norm\u00e9ment d&rsquo;activit\u00e9s \u00e0 faire dans le coin&#8230;<\/em><\/p><p style=\"font-weight: 400;\"><em>Tout \u00e9tait tr\u00e8s propre et tr\u00e8s confortable, silencieux, somptueux&#8230;. Franchement rien \u00e0 redire mais que d&rsquo;immenses compliments et remerciements \u00e0 faire et une envie de revenir au plus vite !!<\/em><\/p><p style=\"font-weight: 400;\">&nbsp;<\/p><\/div><div class=\"wpmtst-testimonial-field testimonial-field testimonial-name\">Violaine<\/div><div class=\"clear\"><\/div><\/div><\/div><\/div><\/div>\n\n\n\n<p>Merci de nous faire part de votre exp\u00e9rience au ch\u00e2teau de Beaumont en remplissant le formulaire de <a href=\"https:\/\/chateau-de-beaumont.com\/index.php\/reservations-et-tarifs\/\">contact de notre site <\/a><\/p>\n\n\n","protected":false},"excerpt":{"rendered":"<p>Merci de nous faire part de votre exp\u00e9rience au ch\u00e2teau de Beaumont en remplissant le formulaire de contact de notre site<\/p>\n","protected":false},"author":1,"featured_media":0,"parent":0,"menu_order":0,"comment_status":"closed","ping_status":"closed","template":"page-templates\/page_fullwidth.php","meta":{"ngg_post_thumbnail":0},"yoast_head":"<!-- This site is optimized with the Yoast SEO plugin v21.1 - https:\/\/yoast.com\/wordpress\/plugins\/seo\/ -->\n<title>Livre d&#039;or - Ch\u00e2teau de Beaumont<\/title>\n<meta name=\"robots\" content=\"index, follow, max-snippet:-1, max-image-preview:large, max-video-preview:-1\" \/>\n<link rel=\"canonical\" href=\"https:\/\/chateau-de-beaumont.com\/index.php\/livre-dor\/\" \/>\n<meta property=\"og:locale\" content=\"fr_FR\" \/>\n<meta property=\"og:type\" content=\"article\" \/>\n<meta property=\"og:title\" content=\"Livre d&#039;or - Ch\u00e2teau de Beaumont\" \/>\n<meta property=\"og:description\" content=\"Merci de nous faire part de votre exp\u00e9rience au ch\u00e2teau de Beaumont en remplissant le formulaire de contact de notre site\" \/>\n<meta property=\"og:url\" content=\"https:\/\/chateau-de-beaumont.com\/index.php\/livre-dor\/\" \/>\n<meta property=\"og:site_name\" content=\"Ch\u00e2teau de Beaumont\" \/>\n<meta property=\"article:modified_time\" content=\"2023-02-23T10:26:36+00:00\" \/>\n<meta name=\"twitter:card\" content=\"summary_large_image\" \/>\n<meta name=\"twitter:label1\" content=\"Dur\u00e9e de lecture estim\u00e9e\" \/>\n\t<meta name=\"twitter:data1\" content=\"1 minute\" \/>\n<script type=\"application\/ld+json\" class=\"yoast-schema-graph\">{\"@context\":\"https:\/\/schema.org\",\"@graph\":[{\"@type\":\"WebPage\",\"@id\":\"https:\/\/chateau-de-beaumont.com\/index.php\/livre-dor\/\",\"url\":\"https:\/\/chateau-de-beaumont.com\/index.php\/livre-dor\/\",\"name\":\"Livre d'or - Ch\u00e2teau de Beaumont\",\"isPartOf\":{\"@id\":\"https:\/\/chateau-de-beaumont.com\/#website\"},\"datePublished\":\"2019-04-16T22:21:29+00:00\",\"dateModified\":\"2023-02-23T10:26:36+00:00\",\"breadcrumb\":{\"@id\":\"https:\/\/chateau-de-beaumont.com\/index.php\/livre-dor\/#breadcrumb\"},\"inLanguage\":\"fr-FR\",\"potentialAction\":[{\"@type\":\"ReadAction\",\"target\":[\"https:\/\/chateau-de-beaumont.com\/index.php\/livre-dor\/\"]}]},{\"@type\":\"BreadcrumbList\",\"@id\":\"https:\/\/chateau-de-beaumont.com\/index.php\/livre-dor\/#breadcrumb\",\"itemListElement\":[{\"@type\":\"ListItem\",\"position\":1,\"name\":\"Accueil\",\"item\":\"https:\/\/chateau-de-beaumont.com\/\"},{\"@type\":\"ListItem\",\"position\":2,\"name\":\"Livre d&rsquo;or\"}]},{\"@type\":\"WebSite\",\"@id\":\"https:\/\/chateau-de-beaumont.com\/#website\",\"url\":\"https:\/\/chateau-de-beaumont.com\/\",\"name\":\"Ch\u00e2teau de Beaumont\",\"description\":\"\",\"potentialAction\":[{\"@type\":\"SearchAction\",\"target\":{\"@type\":\"EntryPoint\",\"urlTemplate\":\"https:\/\/chateau-de-beaumont.com\/?s={search_term_string}\"},\"query-input\":\"required name=search_term_string\"}],\"inLanguage\":\"fr-FR\"}]}<\/script>\n<!-- \/ Yoast SEO plugin. -->","yoast_head_json":{"title":"Livre d'or - Ch\u00e2teau de Beaumont","robots":{"index":"index","follow":"follow","max-snippet":"max-snippet:-1","max-image-preview":"max-image-preview:large","max-video-preview":"max-video-preview:-1"},"canonical":"https:\/\/chateau-de-beaumont.com\/index.php\/livre-dor\/","og_locale":"fr_FR","og_type":"article","og_title":"Livre d'or - Ch\u00e2teau de Beaumont","og_description":"Merci de nous faire part de votre exp\u00e9rience au ch\u00e2teau de Beaumont en remplissant le formulaire de contact de notre site","og_url":"https:\/\/chateau-de-beaumont.com\/index.php\/livre-dor\/","og_site_name":"Ch\u00e2teau de Beaumont","article_modified_time":"2023-02-23T10:26:36+00:00","twitter_card":"summary_large_image","twitter_misc":{"Dur\u00e9e de lecture estim\u00e9e":"1 minute"},"schema":{"@context":"https:\/\/schema.org","@graph":[{"@type":"WebPage","@id":"https:\/\/chateau-de-beaumont.com\/index.php\/livre-dor\/","url":"https:\/\/chateau-de-beaumont.com\/index.php\/livre-dor\/","name":"Livre d'or - Ch\u00e2teau de Beaumont","isPartOf":{"@id":"https:\/\/chateau-de-beaumont.com\/#website"},"datePublished":"2019-04-16T22:21:29+00:00","dateModified":"2023-02-23T10:26:36+00:00","breadcrumb":{"@id":"https:\/\/chateau-de-beaumont.com\/index.php\/livre-dor\/#breadcrumb"},"inLanguage":"fr-FR","potentialAction":[{"@type":"ReadAction","target":["https:\/\/chateau-de-beaumont.com\/index.php\/livre-dor\/"]}]},{"@type":"BreadcrumbList","@id":"https:\/\/chateau-de-beaumont.com\/index.php\/livre-dor\/#breadcrumb","itemListElement":[{"@type":"ListItem","position":1,"name":"Accueil","item":"https:\/\/chateau-de-beaumont.com\/"},{"@type":"ListItem","position":2,"name":"Livre d&rsquo;or"}]},{"@type":"WebSite","@id":"https:\/\/chateau-de-beaumont.com\/#website","url":"https:\/\/chateau-de-beaumont.com\/","name":"Ch\u00e2teau de Beaumont","description":"","potentialAction":[{"@type":"SearchAction","target":{"@type":"EntryPoint","urlTemplate":"https:\/\/chateau-de-beaumont.com\/?s={search_term_string}"},"query-input":"required name=search_term_string"}],"inLanguage":"fr-FR"}]}},"_links":{"self":[{"href":"https:\/\/chateau-de-beaumont.com\/index.php\/wp-json\/wp\/v2\/pages\/118"}],"collection":[{"href":"https:\/\/chateau-de-beaumont.com\/index.php\/wp-json\/wp\/v2\/pages"}],"about":[{"href":"https:\/\/chateau-de-beaumont.com\/index.php\/wp-json\/wp\/v2\/types\/page"}],"author":[{"embeddable":true,"href":"https:\/\/chateau-de-beaumont.com\/index.php\/wp-json\/wp\/v2\/users\/1"}],"replies":[{"embeddable":true,"href":"https:\/\/chateau-de-beaumont.com\/index.php\/wp-json\/wp\/v2\/comments?post=118"}],"version-history":[{"count":8,"href":"https:\/\/chateau-de-beaumont.com\/index.php\/wp-json\/wp\/v2\/pages\/118\/revisions"}],"predecessor-version":[{"id":3167,"href":"https:\/\/chateau-de-beaumont.com\/index.php\/wp-json\/wp\/v2\/pages\/118\/revisions\/3167"}],"wp:attachment":[{"href":"https:\/\/chateau-de-beaumont.com\/index.php\/wp-json\/wp\/v2\/media?parent=118"}],"curies":[{"name":"wp","href":"https:\/\/api.w.org\/{rel}","templated":true}]}}